{"id":132,"date":"2020-12-02T13:41:29","date_gmt":"2020-12-02T13:41:29","guid":{"rendered":"http:\/\/200.17.171.5\/metalurgia\/?page_id=132"},"modified":"2021-03-04T18:27:34","modified_gmt":"2021-03-04T18:27:34","slug":"conformacao-mecanica","status":"publish","type":"page","link":"http:\/\/metalurgia.caxias.ifrs.edu.br\/index.php\/conformacao-mecanica\/","title":{"rendered":"Conforma\u00e7\u00e3o Mec\u00e2nica"},"content":{"rendered":"\n<div style=\"height:40px\" aria-hidden=\"true\" class=\"wp-block-spacer\"><\/div>\n\n\n\n<p>O Laborat&oacute;rio de Conforma&ccedil;&atilde;o Mec&acirc;nica (LabCoM) tem a finalidade de desenvolver produtos e processos de fabrica&ccedil;&atilde;o na &aacute;rea de conforma&ccedil;&atilde;o mec&acirc;nica, envolvendo o estudo do desempenho de materiais met&aacute;licos. Para isto, o LabCoM propicia prioritariamente a forma&ccedil;&atilde;o de estudantes baseada na solu&ccedil;&atilde;o de problemas oriundos das empresas do arranjo produtivo local (setor metalmec&acirc;nico).<\/p>\n\n\n\n<div style=\"height:35px\" aria-hidden=\"true\" class=\"wp-block-spacer\"><\/div>\n\n\n\n<figure class=\"wp-block-gallery alignleft columns-1 is-cropped\"><ul class=\"blocks-gallery-grid\"><li class=\"blocks-gallery-item\"><figure><img loading=\"lazy\" width=\"300\" height=\"199\" alt=\"\" data-id=\"186\" class=\"lazyload wp-image-186\" srcset=\"\" sizes=\"(max-width: 300px) 100vw, 300px\" data-sizes=\"auto\" data-src=\"http:\/\/200.17.171.5\/metalurgia\/wp-content\/uploads\/2020\/12\/Met-Lab-20-1-300x199.jpg\" data-srcset=\"http:\/\/metalurgia.caxias.ifrs.edu.br\/wp-content\/uploads\/2020\/12\/Met-Lab-20-1-300x199.jpg 300w, http:\/\/metalurgia.caxias.ifrs.edu.br\/wp-content\/uploads\/2020\/12\/Met-Lab-20-1-1024x681.jpg 1024w, http:\/\/metalurgia.caxias.ifrs.edu.br\/wp-content\/uploads\/2020\/12\/Met-Lab-20-1-768x511.jpg 768w, http:\/\/metalurgia.caxias.ifrs.edu.br\/wp-content\/uploads\/2020\/12\/Met-Lab-20-1-1536x1021.jpg 1536w, http:\/\/metalurgia.caxias.ifrs.edu.br\/wp-content\/uploads\/2020\/12\/Met-Lab-20-1-2048x1362.jpg 2048w\"><figcaption class=\"blocks-gallery-item__caption\">Prensas e dobradeira<\/figcaption><\/figure><\/li><\/ul><\/figure><p><\/p>\n","protected":false},"excerpt":{"rendered":"<p>O Laborat&oacute;rio de Conforma&ccedil;&atilde;o Mec&acirc;nica (LabCoM) tem a finalidade de desenvolver produtos e processos de fabrica&ccedil;&atilde;o na &aacute;rea de conforma&ccedil;&atilde;o mec&acirc;nica, envolvendo o estudo do desempenho de materiais met&aacute;licos. Para&hellip;<\/p>\n","protected":false},"author":1,"featured_media":0,"parent":0,"menu_order":0,"comment_status":"closed","ping_status":"closed","template":"","meta":[],"_links":{"self":[{"href":"http:\/\/metalurgia.caxias.ifrs.edu.br\/index.php\/wp-json\/wp\/v2\/pages\/132"}],"collection":[{"href":"http:\/\/metalurgia.caxias.ifrs.edu.br\/index.php\/wp-json\/wp\/v2\/pages"}],"about":[{"href":"http:\/\/metalurgia.caxias.ifrs.edu.br\/index.php\/wp-json\/wp\/v2\/types\/page"}],"author":[{"embeddable":true,"href":"http:\/\/metalurgia.caxias.ifrs.edu.br\/index.php\/wp-json\/wp\/v2\/users\/1"}],"replies":[{"embeddable":true,"href":"http:\/\/metalurgia.caxias.ifrs.edu.br\/index.php\/wp-json\/wp\/v2\/comments?post=132"}],"version-history":[{"count":5,"href":"http:\/\/metalurgia.caxias.ifrs.edu.br\/index.php\/wp-json\/wp\/v2\/pages\/132\/revisions"}],"predecessor-version":[{"id":402,"href":"http:\/\/metalurgia.caxias.ifrs.edu.br\/index.php\/wp-json\/wp\/v2\/pages\/132\/revisions\/402"}],"wp:attachment":[{"href":"http:\/\/metalurgia.caxias.ifrs.edu.br\/index.php\/wp-json\/wp\/v2\/media?parent=132"}],"curies":[{"name":"wp","href":"https:\/\/api.w.org\/{rel}","templated":true}]}}